{"id":2855,"date":"2024-10-30T12:07:15","date_gmt":"2024-10-30T12:07:15","guid":{"rendered":"https:\/\/edsi.ee\/product\/de-icer-de-icing-spray-0-5l\/"},"modified":"2025-02-11T18:15:27","modified_gmt":"2025-02-11T18:15:27","slug":"de-icer-de-icing-spray-0-5l","status":"publish","type":"product","link":"https:\/\/edsi.ee\/en\/product\/de-icer-de-icing-spray-0-5l\/","title":{"rendered":"DE ICER de-icing spray 0.5l"},"content":{"rendered":"<p data-start=\"0\" data-end=\"13\"><strong data-start=\"0\" data-end=\"13\">Features:<\/strong><\/p>\n<ul data-start=\"15\" data-end=\"330\">\n<li data-start=\"15\" data-end=\"107\">Eemaldab kiiresti ja t\u00f5husalt j\u00e4\u00e4 ja lume s\u00f5iduki klaasilt, lukudelt ja muudelt pindadelt.<\/li>\n<li data-start=\"108\" data-end=\"157\">Ennetab j\u00e4\u00e4 uuesti tekkimist, luues kaitsekile.<\/li>\n<li data-start=\"158\" data-end=\"204\">Mugav kasutada t\u00e4pselt doseeritud pihustiga.<\/li>\n<li data-start=\"205\" data-end=\"292\">T\u00f6\u00f6tab madalatel temperatuuridel, tagades usaldusv\u00e4\u00e4rsuse isegi tugeva pakase korral.<\/li>\n<li data-start=\"293\" data-end=\"330\">Ohutu v\u00e4rvikatte ja klaaside jaoks.<\/li>\n<\/ul>\n<p data-start=\"332\" data-end=\"350\"><strong data-start=\"332\" data-end=\"350\">Instructions for use:<\/strong><\/p>\n<ol data-start=\"352\" data-end=\"527\">\n<li data-start=\"352\" data-end=\"391\">Suunake pihusti j\u00e4\u00e4kattunud pinnale.<\/li>\n<li data-start=\"392\" data-end=\"436\">Pihustage toode j\u00e4\u00e4de v\u00f5i lume piirkonda.<\/li>\n<li data-start=\"437\" data-end=\"472\">Laske tootel m\u00f5ni sekund m\u00f5juda.<\/li>\n<li data-start=\"473\" data-end=\"527\">Eemaldage \u00fclej\u00e4\u00e4nud j\u00e4\u00e4 v\u00f5i lumi kraani v\u00f5i lapiga.<\/li>\n<\/ol>\n<p data-start=\"529\" data-end=\"553\"><strong data-start=\"529\" data-end=\"540\">Packaging:<\/strong> 0,5 l<\/p>\n<p data-start=\"555\" data-end=\"673\" data-is-last-node=\"\"><strong data-start=\"555\" data-end=\"566\">DE ICER<\/strong> on ideaalne toode auto ettevalmistamiseks talveoludeks, tagades turvalisuse ja mugavuse k\u00fclmadel p\u00e4evadel.<\/p>","protected":false},"excerpt":{"rendered":"<p data-start=\"0\" data-end=\"37\"><strong data-start=\"0\" data-end=\"37\">DE ICER \u2013 Sulatamisspreii (0,5 l)<\/strong><\/p>\n<p data-start=\"39\" data-end=\"383\" data-is-last-node=\"\"><strong data-start=\"39\" data-end=\"50\">DE ICER<\/strong> on t\u00f5hus sulatamisspreii, mis on m\u00f5eldud j\u00e4\u00e4 ja lume eemaldamiseks erinevatelt pindadelt. Sobib ideaalselt kasutamiseks autodest, ukselukkudest, klaasidest ja teistelt pindadelt, kus on vajalik j\u00e4\u00e4 v\u00f5i lume kiire eemaldamine. Sprei spetsiaalne valem v\u00f5imaldab h\u00f5lpsasti toime tulla k\u00fclmunud aladega ja takistab j\u00e4\u00e4 uuesti tekkimist.<\/p>","protected":false},"featured_media":2854,"template":"","meta":[],"product_brand":[],"product_cat":[15,36],"product_tag":[],"class_list":{"0":"post-2855","1":"product","2":"type-product","3":"status-publish","4":"has-post-thumbnail","6":"product_cat-muu","7":"product_cat-stafor","8":"ts_product_brand-stafor","10":"first","11":"instock","12":"taxable","13":"shipping-taxable","14":"purchasable","15":"product-type-simple"},"_links":{"self":[{"href":"https:\/\/edsi.ee\/en\/wp-json\/wp\/v2\/product\/2855","targetHints":{"allow":["GET"]}}],"collection":[{"href":"https:\/\/edsi.ee\/en\/wp-json\/wp\/v2\/product"}],"about":[{"href":"https:\/\/edsi.ee\/en\/wp-json\/wp\/v2\/types\/product"}],"wp:featuredmedia":[{"embeddable":true,"href":"https:\/\/edsi.ee\/en\/wp-json\/wp\/v2\/media\/2854"}],"wp:attachment":[{"href":"https:\/\/edsi.ee\/en\/wp-json\/wp\/v2\/media?parent=2855"}],"wp:term":[{"taxonomy":"product_brand","embeddable":true,"href":"https:\/\/edsi.ee\/en\/wp-json\/wp\/v2\/product_brand?post=2855"},{"taxonomy":"product_cat","embeddable":true,"href":"https:\/\/edsi.ee\/en\/wp-json\/wp\/v2\/product_cat?post=2855"},{"taxonomy":"product_tag","embeddable":true,"href":"https:\/\/edsi.ee\/en\/wp-json\/wp\/v2\/product_tag?post=2855"}],"curies":[{"name":"wp","href":"https:\/\/api.w.org\/{rel}","templated":true}]}}