{"id":2851,"date":"2024-10-30T12:01:29","date_gmt":"2024-10-30T12:01:29","guid":{"rendered":"https:\/\/edsi.ee\/product\/staterm-power-ion-boiler-power-regulation-additive\/"},"modified":"2025-02-11T18:15:27","modified_gmt":"2025-02-11T18:15:27","slug":"staterm-power-ion-boiler-power-regulation-additive","status":"publish","type":"product","link":"https:\/\/edsi.ee\/en\/product\/staterm-power-ion-boiler-power-regulation-additive\/","title":{"rendered":"STATERM POWER ion boiler power regulation additive"},"content":{"rendered":"<p><strong>Features:<\/strong><\/p>\n<ul>\n<li>Optimeerib katelde ja k\u00fcttes\u00fcsteemide t\u00f6\u00f6d, parandades soojus\u00fclekannet.<\/li>\n<li>V\u00e4hendab katelde kulumist, ennetades \u00fclekuumenemist ja koormuse suurenemist.<\/li>\n<li>Toetab k\u00fcttes\u00fcsteemi stabiilset t\u00f6\u00f6d erinevatel v\u00f5imsustasemetel.<\/li>\n<li>Tagab kaitse korrosiooni ja setete tekkimise eest s\u00fcsteemi sees.<\/li>\n<\/ul>\n<p><strong>Instructions for use:<\/strong><\/p>\n<ol>\n<li>Lisage vajalik kogus STATERM POWER k\u00fcttes\u00fcsteemi vastavalt pakendi soovitustele.<\/li>\n<li>Toode sobib kasutamiseks nii uutes kui ka juba t\u00f6\u00f6tavates kateldes.<\/li>\n<li>J\u00e4rgige tootja juhiseid parimate tulemuste saavutamiseks ja s\u00fcsteemi t\u00f6\u00f6 maksimaalse efektiivsuse hoidmiseks.<\/li>\n<\/ol>","protected":false},"excerpt":{"rendered":"<p><strong>STATERM POWER \u2013 Katla v\u00f5imsuse reguleerimise lisaaine (iooniline)<\/strong><\/p>\n<p><strong>STATERM POWER<\/strong> on katla lisaaine, mis on m\u00f5eldud k\u00fcttes\u00fcsteemide t\u00f6\u00f6v\u00f5imsuse reguleerimiseks ja optimeerimiseks. Seda kasutatakse katelde t\u00f6\u00f6 efektiivsuse parandamiseks, suurendades nende tootlikkust ja vastupidavust. Lisaaine aitab reguleerida ja stabiliseerida soojendamisprotsesside t\u00f6\u00f6d ning toetab k\u00fcttes\u00fcsteemi t\u00f6\u00f6 optimaalseid tingimusi.<\/p>","protected":false},"featured_media":2850,"template":"","meta":[],"product_brand":[],"product_cat":[15,36],"product_tag":[],"class_list":{"0":"post-2851","1":"product","2":"type-product","3":"status-publish","4":"has-post-thumbnail","6":"product_cat-muu","7":"product_cat-stafor","8":"ts_product_brand-stafor","10":"first","11":"onbackorder","12":"taxable","13":"shipping-taxable","14":"purchasable","15":"product-type-simple"},"_links":{"self":[{"href":"https:\/\/edsi.ee\/en\/wp-json\/wp\/v2\/product\/2851","targetHints":{"allow":["GET"]}}],"collection":[{"href":"https:\/\/edsi.ee\/en\/wp-json\/wp\/v2\/product"}],"about":[{"href":"https:\/\/edsi.ee\/en\/wp-json\/wp\/v2\/types\/product"}],"wp:featuredmedia":[{"embeddable":true,"href":"https:\/\/edsi.ee\/en\/wp-json\/wp\/v2\/media\/2850"}],"wp:attachment":[{"href":"https:\/\/edsi.ee\/en\/wp-json\/wp\/v2\/media?parent=2851"}],"wp:term":[{"taxonomy":"product_brand","embeddable":true,"href":"https:\/\/edsi.ee\/en\/wp-json\/wp\/v2\/product_brand?post=2851"},{"taxonomy":"product_cat","embeddable":true,"href":"https:\/\/edsi.ee\/en\/wp-json\/wp\/v2\/product_cat?post=2851"},{"taxonomy":"product_tag","embeddable":true,"href":"https:\/\/edsi.ee\/en\/wp-json\/wp\/v2\/product_tag?post=2851"}],"curies":[{"name":"wp","href":"https:\/\/api.w.org\/{rel}","templated":true}]}}