{"id":2849,"date":"2024-10-30T11:59:04","date_gmt":"2024-10-30T11:59:04","guid":{"rendered":"https:\/\/edsi.ee\/product\/staterm-long-life-additive-package-for-heat-carriers-coolants-1l\/"},"modified":"2025-02-11T18:15:27","modified_gmt":"2025-02-11T18:15:27","slug":"staterm-long-life-additive-package-for-heat-carriers-coolants-1l","status":"publish","type":"product","link":"https:\/\/edsi.ee\/en\/product\/staterm-long-life-additive-package-for-heat-carriers-coolants-1l\/","title":{"rendered":"STATERM LONG LIFE additive package for heat carriers (coolants) 1l"},"content":{"rendered":"<p>Lisandite kompleks, mis on m\u00f5eldud soojuskandjate algsete kasutusomaduste taastamiseks, mis olid osaliselt langenud ekspluateerimise k\u00e4igus, ning t\u00f6\u00f6valmis seguseda valmistamiseks STATERM soojuskandjate kontsentraatidest.<\/p>\n<p>Kompleks sisaldab vahutamis- ja korrosioonivastaseid, passiveerimise, stabiliseerivaid ja muid koostisosasid, mis taastavad soojuskandja algseid omadusi ning pikendavad soojuskandja effektiivse kasutamise eluiga\u00a02-3 aasta\u00a0v\u00f5rra. Kompleksi \u00f5igeaegne lisamine pikendab oluliselt pumpade, soojusvahetite, radiaatorite ja muude k\u00fcttes\u00fcsteemi osade eluiga.<\/p>\n<p>Juhul kui soojuskandja on kasutuses raskendatud oludes (algne k\u00fcttes\u00fcsteemi osade tugev korrosioon, suurejooneline biomassi kasvamine sisepindadel, s\u00fcsteemi reostatus soolte j\u00e4\u00e4kidega, k\u00f5rge Ph tase keskkonnas, s\u00fcsteemi lokaalne \u00fclekuumenemine koos soojuskandja keemisega, jm.) soovitame lisada kompleksit\u00a0esimese 15-18 ekspluatatsioonikuu jooksul. J\u00e4rgnevalt on soovitatav kasutada kompleksit iga\u00a012 kuu m\u00f6\u00f6dudes.<\/p>\n<p><strong>KOOSTIS:\u00a0<\/strong>monoprop\u00fcleengl\u00fckool, vahutamis- ja korrosioonivastased, passiveerivad, stabiliseerivad lisandid, kelaat\u00fchendendid, ettevalmistatud vesi.<\/p>\n<p><strong>OMADUSED:<\/strong><\/p>\n<ul>\n<li>Taastab soojuskandja kasutusomadusi;<\/li>\n<li>Kaitseb k\u00fctteseadmeid korrosiooni eest;<\/li>\n<li>Pikendab k\u00fcttes\u00fcsteemi eluiga normaaloludes 2-3 aasta v\u00f5rra, raskendatud oludes 1 aasta v\u00f5rra;<\/li>\n<li>K\u00f5rvaldab ja takistab katlakivi ja sadestumiste tekkimist k\u00fctteseadmete pindadel;<\/li>\n<li>Kaitseb k\u00fcttes\u00fcsteemi kummiosasid kuivamise, l\u00f5henemise ning lekete eest;<\/li>\n<li>Seguneb v\u00e4ga h\u00e4sti soojuskandjaga, mis on valmistatud et\u00fcleengl\u00fckooli (MEG), prop\u00fcleengl\u00fckooli (MPG) ja \u00a0isoprop\u00fc\u00fclalkoholi baasil.<\/li>\n<\/ul>\n<p><strong>KASUTUSJUHEND:<\/strong>\u00a0Kompleks lisatakse k\u00fcttes\u00fcsteemi, hoolikalt segatakse soojuskandjaga.\u00a0Suhe segamisel: 1 L kompleksit 100 L soojuskandja kohta.<\/p>\n<p><strong>HOIUSTAMINE:\u00a0<\/strong>Hoida hermeetiliselt suletud anumas temperatuuril \u00fcle 5\u00b0\u0421, kuivas ventileeritavas ruumis.<\/p>","protected":false},"excerpt":{"rendered":"<p>Lisandite kompleks, mis on m\u00f5eldud soojuskandjate algsete kasutusomaduste taastamiseks, mis olid osaliselt langenud ekspluateerimise k\u00e4igus, ning t\u00f6\u00f6valmis seguseda valmistamiseks STATERM soojuskandjate kontsentraatidest.<\/p>\n<p>Kompleks sisaldab vahutamis- ja korrosioonivastaseid, passiveerimise, stabiliseerivaid ja muid koostisosasid, mis taastavad soojuskandja algseid omadusi ning pikendavad soojuskandja effektiivse kasutamise eluiga\u00a02-3 aasta\u00a0v\u00f5rra. Kompleksi \u00f5igeaegne lisamine pikendab oluliselt pumpade, soojusvahetite, radiaatorite ja muude k\u00fcttes\u00fcsteemi osade eluiga.<\/p>","protected":false},"featured_media":2848,"template":"","meta":[],"product_brand":[],"product_cat":[15,36],"product_tag":[],"class_list":{"0":"post-2849","1":"product","2":"type-product","3":"status-publish","4":"has-post-thumbnail","6":"product_cat-muu","7":"product_cat-stafor","8":"ts_product_brand-stafor","10":"first","11":"instock","12":"taxable","13":"shipping-taxable","14":"purchasable","15":"product-type-simple"},"_links":{"self":[{"href":"https:\/\/edsi.ee\/en\/wp-json\/wp\/v2\/product\/2849","targetHints":{"allow":["GET"]}}],"collection":[{"href":"https:\/\/edsi.ee\/en\/wp-json\/wp\/v2\/product"}],"about":[{"href":"https:\/\/edsi.ee\/en\/wp-json\/wp\/v2\/types\/product"}],"wp:featuredmedia":[{"embeddable":true,"href":"https:\/\/edsi.ee\/en\/wp-json\/wp\/v2\/media\/2848"}],"wp:attachment":[{"href":"https:\/\/edsi.ee\/en\/wp-json\/wp\/v2\/media?parent=2849"}],"wp:term":[{"taxonomy":"product_brand","embeddable":true,"href":"https:\/\/edsi.ee\/en\/wp-json\/wp\/v2\/product_brand?post=2849"},{"taxonomy":"product_cat","embeddable":true,"href":"https:\/\/edsi.ee\/en\/wp-json\/wp\/v2\/product_cat?post=2849"},{"taxonomy":"product_tag","embeddable":true,"href":"https:\/\/edsi.ee\/en\/wp-json\/wp\/v2\/product_tag?post=2849"}],"curies":[{"name":"wp","href":"https:\/\/api.w.org\/{rel}","templated":true}]}}