{"id":2847,"date":"2024-10-30T11:56:09","date_gmt":"2024-10-30T11:56:09","guid":{"rendered":"https:\/\/edsi.ee\/product\/staterm-heat-carrier-concentrate-20l\/"},"modified":"2025-02-11T18:15:27","modified_gmt":"2025-02-11T18:15:27","slug":"staterm-heat-carrier-concentrate-20l","status":"publish","type":"product","link":"https:\/\/edsi.ee\/en\/product\/staterm-heat-carrier-concentrate-20l\/","title":{"rendered":"STATERM heat carrier CONCENTRATE 20l"},"content":{"rendered":"<p data-start=\"0\" data-end=\"13\"><strong data-start=\"0\" data-end=\"13\">Features:<\/strong><\/p>\n<ul data-start=\"15\" data-end=\"457\">\n<li data-start=\"15\" data-end=\"60\">Tagab t\u00f5husa soojus\u00fclekande k\u00fcttes\u00fcsteemis.<\/li>\n<li data-start=\"61\" data-end=\"135\">Ennetab j\u00e4\u00e4 tekkimist ja k\u00fclmumist torustikes madalatel temperatuuridel.<\/li>\n<li data-start=\"136\" data-end=\"206\">Kaitseb seadmeid ja torusid korrosiooni ja katlakivi tekkimise eest.<\/li>\n<li data-start=\"207\" data-end=\"273\">Kasutatakse k\u00fcttes\u00fcsteemides, jahutuss\u00fcsteemides ja veev\u00e4rkides.<\/li>\n<li data-start=\"274\" data-end=\"339\">Stabiilne ja ohutu kasutada, kui j\u00e4rgida annustamise soovitusi.<\/li>\n<li data-start=\"340\" data-end=\"398\">Sobib kasutamiseks s\u00fcsteemides, kus on pumbad ja katlad.<\/li>\n<li data-start=\"399\" data-end=\"457\">\u00dchilduv enamikus k\u00fcttes\u00fcsteemides ja jahutuss\u00fcsteemides.<\/li>\n<\/ul>\n<p data-start=\"459\" data-end=\"477\"><strong data-start=\"459\" data-end=\"477\">Instructions for use:<\/strong><\/p>\n<ol data-start=\"479\" data-end=\"726\">\n<li data-start=\"479\" data-end=\"584\">Lahjendage kontsentraat veega vastavalt teie piirkonna v\u00f5i s\u00fcsteemi soovitatavatele proportsioonidele.<\/li>\n<li data-start=\"585\" data-end=\"645\">Valage lahus k\u00fcttes\u00fcsteemi, jahutuss\u00fcsteemi v\u00f5i veev\u00e4rki.<\/li>\n<li data-start=\"646\" data-end=\"726\">P\u00e4rast soojusvedeliku lisamist kontrollige s\u00fcsteemi leket ja \u00f5iget toimimist.<\/li>\n<\/ol>\n<p data-start=\"728\" data-end=\"751\"><strong data-start=\"728\" data-end=\"739\">Packaging:<\/strong> 20 liitrit.<\/p>\n<p data-start=\"753\" data-end=\"962\" data-is-last-node=\"\"><strong data-start=\"753\" data-end=\"765\">Oluline:<\/strong> Kontsentraat tuleb lahjendada vastavalt piirkonna temperatuuritingimustele ja s\u00fcsteemi n\u00f5udmistele. Veenduge, et kontsentratsioon vastab soovitustele k\u00fclmumiskaitse v\u00f5i \u00fclekuumenemise v\u00e4ltimiseks.<\/p>","protected":false},"excerpt":{"rendered":"<p><strong>STATERM Heat Carrier CONCENTRATE \u2013 Soojusvedeliku kontsentraat (20 l)<\/strong><\/p>\n<p><strong>STATERM Heat Carrier CONCENTRATE<\/strong> on k\u00f5rgkvaliteetne soojusvedeliku kontsentraat, mis on m\u00f5eldud kasutamiseks k\u00fcttes\u00fcsteemides, jahutuss\u00fcsteemides ja veev\u00e4rgis\u00fcsteemides. See tagab usaldusv\u00e4\u00e4rse kaitse k\u00fclmumise ja korrosiooni eest ning soodustab t\u00f5husat soojus\u00fclekannet erinevates s\u00fcsteemides.<\/p>","protected":false},"featured_media":2845,"template":"","meta":[],"product_brand":[],"product_cat":[15,36],"product_tag":[],"class_list":{"0":"post-2847","1":"product","2":"type-product","3":"status-publish","4":"has-post-thumbnail","6":"product_cat-muu","7":"product_cat-stafor","8":"ts_product_brand-stafor","10":"first","11":"instock","12":"taxable","13":"shipping-taxable","14":"purchasable","15":"product-type-simple"},"_links":{"self":[{"href":"https:\/\/edsi.ee\/en\/wp-json\/wp\/v2\/product\/2847","targetHints":{"allow":["GET"]}}],"collection":[{"href":"https:\/\/edsi.ee\/en\/wp-json\/wp\/v2\/product"}],"about":[{"href":"https:\/\/edsi.ee\/en\/wp-json\/wp\/v2\/types\/product"}],"wp:featuredmedia":[{"embeddable":true,"href":"https:\/\/edsi.ee\/en\/wp-json\/wp\/v2\/media\/2845"}],"wp:attachment":[{"href":"https:\/\/edsi.ee\/en\/wp-json\/wp\/v2\/media?parent=2847"}],"wp:term":[{"taxonomy":"product_brand","embeddable":true,"href":"https:\/\/edsi.ee\/en\/wp-json\/wp\/v2\/product_brand?post=2847"},{"taxonomy":"product_cat","embeddable":true,"href":"https:\/\/edsi.ee\/en\/wp-json\/wp\/v2\/product_cat?post=2847"},{"taxonomy":"product_tag","embeddable":true,"href":"https:\/\/edsi.ee\/en\/wp-json\/wp\/v2\/product_tag?post=2847"}],"curies":[{"name":"wp","href":"https:\/\/api.w.org\/{rel}","templated":true}]}}