{"id":2844,"date":"2024-10-30T11:50:24","date_gmt":"2024-10-30T11:50:24","guid":{"rendered":"https:\/\/edsi.ee\/product\/staterm-eko-e40-10l-heat-carrier-for-ion-boilers\/"},"modified":"2025-02-11T18:15:27","modified_gmt":"2025-02-11T18:15:27","slug":"staterm-eko-e40-10l-heat-carrier-for-ion-boilers","status":"publish","type":"product","link":"https:\/\/edsi.ee\/en\/product\/staterm-eko-e40-10l-heat-carrier-for-ion-boilers\/","title":{"rendered":"STATERM EKO E40 10l heat carrier for ion boilers"},"content":{"rendered":"<p><strong>\u00d6koloogiliselt puhas soojusvedelik \u2013 jahutusvedelik ionk\u00fctteseente s\u00fcsteemidele, ilma inimesele kahjuliku et\u00fcleengl\u00fckoolita.<\/strong><\/p>\n<p>Valmistatud prop\u00fcleendi baasil, mis ei ole m\u00fcrgine ja sobib seet\u00f5ttu kodude ja korterite k\u00fctmiseks. Kasutatakse s\u00fcsteemides, kus on seadmed, mis on valmistatud terasest, plastist, raudest ja vaskest. Kaitseb s\u00fcsteemi k\u00fclmumise eest. Pikendab k\u00fcttes\u00fcsteemi seadmete eluiga ja kaitseb neid k\u00fclmumise eest.<\/p>\n<p><strong>KOOSTIS:<\/strong> Soojusvedelik sisaldab prop\u00fcleeni, korrosioonivastaseid lisandeid, vahtudevastaseid aineid, stabiliseerivaid lisandeid ja erilisandeid.<\/p>\n<p><strong>OMADUSED:<\/strong><\/p>\n<ul>\n<li>Ei k\u00fclmu temperatuuridel kuni -40\u02daC.<\/li>\n<li>Ennetab k\u00fcttes\u00fcsteemide seadmete korrosiooni.<\/li>\n<li>Ei kahjusta tihendeid.<\/li>\n<li>Ennetab katlakivi ja bioloogiliste sette kogunemist k\u00fcttes\u00fcsteemide pindadel.<\/li>\n<li>Keemispunkt +120\u02daC.<\/li>\n<li>Kui kasutatakse vastavalt juhistele, kestab k\u00fcttes\u00fcsteemis v\u00e4hemalt 5 aastat.<\/li>\n<li>Tagab ionk\u00fctteseente stabiilse ja madalate kuludega t\u00f6\u00f6.<\/li>\n<\/ul>\n<p><strong>KASUTUSJUHEND:<\/strong><\/p>\n<ul>\n<li>Soojusvedelikku on keelatud lahjendada, kuna see sisaldab tasakaalustatud lisandite paketti.<\/li>\n<li>Enne ionk\u00fctteseente s\u00fcsteemi kasutamist reguleerige vajalikku soojusvedeliku juhtivust vastavalt ionk\u00fctteseente (k\u00fcttes\u00fcsteemi) tootja soovitustele, kasutades spetsiaalset v\u00f5imsuse reguleerimise lisandit STATERM POWER. Valage soojusvedelik k\u00fcttes\u00fcsteemi ja kasutage s\u00fcsteemi vastavalt kasutusjuhendile.<\/li>\n<\/ul>\n<p><strong>LADUSTAMINE:<\/strong> Hoida tihedalt suletud anumas temperatuuril \u00fcle 5\u00b0C kuivas ja ventileeritavas ruumis.<\/p>","protected":false},"excerpt":{"rendered":"<p>Valmistatud prop\u00fcleendi baasil, mis ei ole m\u00fcrgine ja sobib seet\u00f5ttu kodude ja korterite k\u00fctmiseks. Kasutatakse s\u00fcsteemides, kus on seadmed, mis on valmistatud terasest, plastist, raudest ja vaskest. Kaitseb s\u00fcsteemi k\u00fclmumise eest. Pikendab k\u00fcttes\u00fcsteemi seadmete eluiga ja kaitseb neid k\u00fclmumise eest.<\/p>","protected":false},"featured_media":2843,"template":"","meta":[],"product_brand":[],"product_cat":[15,36],"product_tag":[],"class_list":{"0":"post-2844","1":"product","2":"type-product","3":"status-publish","4":"has-post-thumbnail","6":"product_cat-muu","7":"product_cat-stafor","8":"ts_product_brand-stafor","10":"first","11":"instock","12":"taxable","13":"shipping-taxable","14":"purchasable","15":"product-type-simple"},"_links":{"self":[{"href":"https:\/\/edsi.ee\/en\/wp-json\/wp\/v2\/product\/2844","targetHints":{"allow":["GET"]}}],"collection":[{"href":"https:\/\/edsi.ee\/en\/wp-json\/wp\/v2\/product"}],"about":[{"href":"https:\/\/edsi.ee\/en\/wp-json\/wp\/v2\/types\/product"}],"wp:featuredmedia":[{"embeddable":true,"href":"https:\/\/edsi.ee\/en\/wp-json\/wp\/v2\/media\/2843"}],"wp:attachment":[{"href":"https:\/\/edsi.ee\/en\/wp-json\/wp\/v2\/media?parent=2844"}],"wp:term":[{"taxonomy":"product_brand","embeddable":true,"href":"https:\/\/edsi.ee\/en\/wp-json\/wp\/v2\/product_brand?post=2844"},{"taxonomy":"product_cat","embeddable":true,"href":"https:\/\/edsi.ee\/en\/wp-json\/wp\/v2\/product_cat?post=2844"},{"taxonomy":"product_tag","embeddable":true,"href":"https:\/\/edsi.ee\/en\/wp-json\/wp\/v2\/product_tag?post=2844"}],"curies":[{"name":"wp","href":"https:\/\/api.w.org\/{rel}","templated":true}]}}