{"id":2842,"date":"2024-10-30T11:47:17","date_gmt":"2024-10-30T11:47:17","guid":{"rendered":"https:\/\/edsi.ee\/product\/staterm-eko-20-ecological-heat-carrier\/"},"modified":"2025-02-11T18:15:27","modified_gmt":"2025-02-11T18:15:27","slug":"staterm-eko-20-ecological-heat-carrier","status":"publish","type":"product","link":"https:\/\/edsi.ee\/en\/product\/staterm-eko-20-ecological-heat-carrier\/","title":{"rendered":"STATERM EKO -20 ecological heat carrier"},"content":{"rendered":"<p><strong>Keskkonnas\u00f5bralik jahutusvedelik k\u00fcttes\u00fcsteemidele, ei sisalda inimesele kahjulikku et\u00fcleengl\u00fckooli.<\/strong><\/p>\n<p>Valmistatud mittetoksilise prop\u00fcleengl\u00fckooli baasil, seet\u00f5ttu on see eriti sobilik kodude ja korterite k\u00fctmiseks. Ei ole m\u00f5eldud kasutamiseks k\u00fcttes\u00fcsteemides, kus on alumiiniumradiaatorid \u2013 selleks on m\u00f5eldud STATERM ALUMINIUM EKO-20.<\/p>\n<p><strong>KOOSTIS:<\/strong> Soojusvedelik sisaldab prop\u00fcleengl\u00fckooli, eriti demineraliseeritud vett, korrosioonivastaseid lisandeid, vahtudevastaseid aineid, stabiliseerivaid lisandeid ja kvaliteetseid, mitmeotstarbelisi lisandeid.<\/p>\n<p><strong>OMADUSED:<\/strong><\/p>\n<ul>\n<li>Sisaldab tasakaalustatud korrosioonivastaste ainete kompleksi, mis kaitseb terast, rauda, vask, messingit ja duralumiiniumi;<\/li>\n<li>Ei sisalda nitriite, amiine ega fosfaate;<\/li>\n<li>Ei k\u00fclmu temperatuuridel kuni -20\u02daC;<\/li>\n<li>Kaitseb k\u00fcttes\u00fcsteemi seadmeid korrosiooni eest;<\/li>\n<li>Ei kahjusta tihendeid;<\/li>\n<li>V\u00e4listab katlakivi ja teiste mineraalsete setete tekkimise k\u00fcttes\u00fcsteemi pindadel;<\/li>\n<li>Keemispunkt +120\u02daC;<\/li>\n<li>K\u00fcttes\u00fcsteemi teenindusaeg on v\u00e4hemalt 5 aastat, kui seda kasutatakse vastavalt t\u00f6\u00f6tingimustele.<\/li>\n<\/ul>\n<p><strong>KASUTUSJUHEND:<\/strong> Jahutusvedelikku ei tohi lahjendada, kuna see sisaldab tasakaalustatud lisandite paketti. Jahutusvedelik valatakse k\u00fcttes\u00fcsteemi ja s\u00fcsteemi kasutatakse vastavalt kasutusjuhendile.<\/p>\n<p><strong>LADUSTAMINE:<\/strong> Hoida tihedalt suletud anumas temperatuuril \u00fcle 5\u00b0C kuivas ja ventileeritavas ruumis.<\/p>","protected":false},"excerpt":{"rendered":"<p><strong>Keskkonnas\u00f5bralik jahutusvedelik k\u00fcttes\u00fcsteemidele, ei sisalda inimesele kahjulikku et\u00fcleengl\u00fckooli.<\/strong><\/p>\n<p>Valmistatud mittetoksilise prop\u00fcleengl\u00fckooli baasil, seet\u00f5ttu on see eriti sobilik kodude ja korterite k\u00fctmiseks. Ei ole m\u00f5eldud kasutamiseks k\u00fcttes\u00fcsteemides, kus on alumiiniumradiaatorid \u2013 selleks on m\u00f5eldud STATERM ALUMINIUM EKO-20.<\/p>","protected":false},"featured_media":2841,"template":"","meta":[],"product_brand":[],"product_cat":[15,36],"product_tag":[],"class_list":{"0":"post-2842","1":"product","2":"type-product","3":"status-publish","4":"has-post-thumbnail","6":"product_cat-muu","7":"product_cat-stafor","8":"ts_product_brand-stafor","10":"first","11":"instock","12":"taxable","13":"shipping-taxable","14":"purchasable","15":"product-type-simple"},"_links":{"self":[{"href":"https:\/\/edsi.ee\/en\/wp-json\/wp\/v2\/product\/2842","targetHints":{"allow":["GET"]}}],"collection":[{"href":"https:\/\/edsi.ee\/en\/wp-json\/wp\/v2\/product"}],"about":[{"href":"https:\/\/edsi.ee\/en\/wp-json\/wp\/v2\/types\/product"}],"wp:featuredmedia":[{"embeddable":true,"href":"https:\/\/edsi.ee\/en\/wp-json\/wp\/v2\/media\/2841"}],"wp:attachment":[{"href":"https:\/\/edsi.ee\/en\/wp-json\/wp\/v2\/media?parent=2842"}],"wp:term":[{"taxonomy":"product_brand","embeddable":true,"href":"https:\/\/edsi.ee\/en\/wp-json\/wp\/v2\/product_brand?post=2842"},{"taxonomy":"product_cat","embeddable":true,"href":"https:\/\/edsi.ee\/en\/wp-json\/wp\/v2\/product_cat?post=2842"},{"taxonomy":"product_tag","embeddable":true,"href":"https:\/\/edsi.ee\/en\/wp-json\/wp\/v2\/product_tag?post=2842"}],"curies":[{"name":"wp","href":"https:\/\/api.w.org\/{rel}","templated":true}]}}