{"id":2840,"date":"2024-10-30T11:43:40","date_gmt":"2024-10-30T11:43:40","guid":{"rendered":"https:\/\/edsi.ee\/product\/staterm-cleaner-heating-system-cleaning-agent-10l\/"},"modified":"2025-02-11T18:15:27","modified_gmt":"2025-02-11T18:15:27","slug":"staterm-cleaner-heating-system-cleaning-agent-10l","status":"publish","type":"product","link":"https:\/\/edsi.ee\/en\/product\/staterm-cleaner-heating-system-cleaning-agent-10l\/","title":{"rendered":"STATERM CLEANER heating system cleaning agent 10l"},"content":{"rendered":"<p><strong>STATERM CLEANER \u2013 K\u00fcttes\u00fcsteemide puhastusvahend<\/strong> on m\u00f5eldud professionaalseks kasutamiseks \u2013 radiaatorite ja torude seinte rooste ja soolasete kogunemise puhastamiseks ja eemaldamiseks. STATERM CLEANER&#8217;i kasutamine pikendab k\u00fctteseadmete eluiga, suurendab k\u00fcttes\u00fcsteemi efektiivsust ja v\u00e4hendab k\u00fctusekulu.<\/p>\n<p><strong>KOOSTIS:<\/strong> Sulfaamhape, fosforhape, stabilisaatorid.<\/p>\n<p><strong>OMADUSED:<\/strong><\/p>\n<ul>\n<li>Sisaldab tasakaalustatud hapete koostist;<\/li>\n<li>Sobib soojusvahetite puhastamiseks;<\/li>\n<li>\u00d5ige kasutamise korral ei kahjusta tihendeid;<\/li>\n<li>T\u00f5husalt eemaldab katlakivi ja teised mineraalsed setteid k\u00fcttes\u00fcsteemi pindadelt.<\/li>\n<\/ul>\n<p><strong>KASUTUSJUHEND:<\/strong> Enne kasutamist tuleb puhastusvahend lahjendada veega suhtega 1:5. Vana jahutusvedelik tuleb k\u00fcttes\u00fcsteemist eemaldada, seej\u00e4rel t\u00e4ita s\u00fcsteem lahjendatud puhastusvahendiga ja kuumutada seda +50\u00baC-ni. P\u00e4rast seda peab k\u00fcttes\u00fcsteem j\u00e4\u00e4ma lahjendatud vahendi sisse v\u00e4hemalt \u00fcheks tunniks. Soovitav on puhastuslahuse ringlus tsirkulatsioonipumbaga. \u00dche tunni p\u00e4rast tuleb puhastusvahend s\u00fcsteemist eemaldada ja s\u00fcsteem p\u00f5hjalikult loputada veega v\u00f5i t\u00e4ita \u00fche STATERM jahutusvedelikuga.<\/p>\n<p><strong>LADUSTAMINE:<\/strong> Hoida tihedalt suletud anumas temperatuuril \u00fcle 5\u00b0C kuivas ja ventileeritavas ruumis.<\/p>","protected":false},"excerpt":{"rendered":"<p><strong>STATERM CLEANER \u2013 K\u00fcttes\u00fcsteemide puhastusvahend<\/strong> on m\u00f5eldud professionaalseks kasutamiseks \u2013 radiaatorite ja torude seinte rooste ja soolasete kogunemise puhastamiseks ja eemaldamiseks. STATERM CLEANER&#8217;i kasutamine pikendab k\u00fctteseadmete eluiga, suurendab k\u00fcttes\u00fcsteemi efektiivsust ja v\u00e4hendab k\u00fctusekulu.<\/p>","protected":false},"featured_media":2839,"template":"","meta":[],"product_brand":[],"product_cat":[15,36],"product_tag":[],"class_list":{"0":"post-2840","1":"product","2":"type-product","3":"status-publish","4":"has-post-thumbnail","6":"product_cat-muu","7":"product_cat-stafor","8":"ts_product_brand-stafor","10":"first","11":"instock","12":"taxable","13":"shipping-taxable","14":"purchasable","15":"product-type-simple"},"_links":{"self":[{"href":"https:\/\/edsi.ee\/en\/wp-json\/wp\/v2\/product\/2840","targetHints":{"allow":["GET"]}}],"collection":[{"href":"https:\/\/edsi.ee\/en\/wp-json\/wp\/v2\/product"}],"about":[{"href":"https:\/\/edsi.ee\/en\/wp-json\/wp\/v2\/types\/product"}],"wp:featuredmedia":[{"embeddable":true,"href":"https:\/\/edsi.ee\/en\/wp-json\/wp\/v2\/media\/2839"}],"wp:attachment":[{"href":"https:\/\/edsi.ee\/en\/wp-json\/wp\/v2\/media?parent=2840"}],"wp:term":[{"taxonomy":"product_brand","embeddable":true,"href":"https:\/\/edsi.ee\/en\/wp-json\/wp\/v2\/product_brand?post=2840"},{"taxonomy":"product_cat","embeddable":true,"href":"https:\/\/edsi.ee\/en\/wp-json\/wp\/v2\/product_cat?post=2840"},{"taxonomy":"product_tag","embeddable":true,"href":"https:\/\/edsi.ee\/en\/wp-json\/wp\/v2\/product_tag?post=2840"}],"curies":[{"name":"wp","href":"https:\/\/api.w.org\/{rel}","templated":true}]}}