{"id":2835,"date":"2024-10-30T11:27:23","date_gmt":"2024-10-30T11:27:23","guid":{"rendered":"https:\/\/edsi.ee\/product\/staterm-aluminium-eko-20-20l-ecological-heat-carrier-for-aluminum-radiators\/"},"modified":"2025-02-11T18:15:27","modified_gmt":"2025-02-11T18:15:27","slug":"staterm-aluminium-eko-20-20l-ecological-heat-carrier-for-aluminum-radiators","status":"publish","type":"product","link":"https:\/\/edsi.ee\/en\/product\/staterm-aluminium-eko-20-20l-ecological-heat-carrier-for-aluminum-radiators\/","title":{"rendered":"STATERM ALUMINIUM EKO-20 20l ecological heat carrier for aluminum radiators"},"content":{"rendered":"<p>Keskkonnas\u00f5bralik soojusvahetusvedelik (k\u00fclmaaine) on mittetoksilise prop\u00fcleenigl\u00fckooli baasil, ei sisalda inimese kehale kahjulikke et\u00fcleenigl\u00fckoole, nitraate, amiine ega fosfaate. Soojusvahetusvedelik tagab alumiiniumradiaatorite pikaajalise ja veatu t\u00f6\u00f6 ning seda soovitatakse kodude ja korterite k\u00fctmiseks.<\/p>\n<p><strong>KOOSTIS:<\/strong> Soojusvahetusvedelik sisaldab prop\u00fcleenigl\u00fckooli, eriliselt demineraliseeritud vett, korrosioonivastaseid lisaaineid, vahut\u00f5kestajaid, stabiliseerimisained ja k\u00f5rge kvaliteediga multifunktsionaalsete lisandite segu.<\/p>\n<p><strong>OMADUSED:<\/strong><\/p>\n<ul>\n<li>Ei sisalda nitraate, amiine ega fosfaate;<\/li>\n<li>Ei k\u00fclmu temperatuuridel kuni -20\u02daC;<\/li>\n<li>Kaitseb k\u00fcttes\u00fcsteemi korrosiooni eest;<\/li>\n<li>Ei kahjusta tihendeid;<\/li>\n<li>Eemaldab katlakivi ja muud mineraalsed sadestused k\u00fcttes\u00fcsteemi pindadelt;<\/li>\n<li>Keemistemperatuur +109\u02daC;<\/li>\n<li>K\u00fcttes\u00fcsteemi teenuseiga on v\u00e4hemalt 5 aastat, kui seda kasutatakse vastavalt kasutusjuhendile.<\/li>\n<\/ul>\n<p><strong>KASUTUSJUHEND:<\/strong> K\u00fclmaainet ei tohi lahjendada, kuna see sisaldab tasakaalustatud lisandite segu. K\u00fclmaaine valatakse k\u00fcttes\u00fcsteemi ja s\u00fcsteemi kasutatakse vastavalt juhistele.<\/p>\n<p><strong>HOIUSTAMINE:<\/strong> Hoida tihedalt suletud anumas temperatuuril \u00fcle 5\u00b0C kuivas ja ventileeritavas ruumis.<\/p>","protected":false},"excerpt":{"rendered":"<p>Keskkonnas\u00f5bralik soojusvahetusvedelik (k\u00fclmaaine) on mittetoksilise prop\u00fcleenigl\u00fckooli baasil, ei sisalda inimese kehale kahjulikke et\u00fcleenigl\u00fckoole, nitraate, amiine ega fosfaate. Soojusvahetusvedelik tagab alumiiniumradiaatorite pikaajalise ja veatu t\u00f6\u00f6 ning seda soovitatakse kodude ja korterite k\u00fctmiseks.<\/p>","protected":false},"featured_media":2834,"template":"","meta":[],"product_brand":[],"product_cat":[15,36],"product_tag":[],"class_list":{"0":"post-2835","1":"product","2":"type-product","3":"status-publish","4":"has-post-thumbnail","6":"product_cat-muu","7":"product_cat-stafor","8":"ts_product_brand-stafor","10":"first","11":"instock","12":"taxable","13":"shipping-taxable","14":"purchasable","15":"product-type-simple"},"_links":{"self":[{"href":"https:\/\/edsi.ee\/en\/wp-json\/wp\/v2\/product\/2835","targetHints":{"allow":["GET"]}}],"collection":[{"href":"https:\/\/edsi.ee\/en\/wp-json\/wp\/v2\/product"}],"about":[{"href":"https:\/\/edsi.ee\/en\/wp-json\/wp\/v2\/types\/product"}],"wp:featuredmedia":[{"embeddable":true,"href":"https:\/\/edsi.ee\/en\/wp-json\/wp\/v2\/media\/2834"}],"wp:attachment":[{"href":"https:\/\/edsi.ee\/en\/wp-json\/wp\/v2\/media?parent=2835"}],"wp:term":[{"taxonomy":"product_brand","embeddable":true,"href":"https:\/\/edsi.ee\/en\/wp-json\/wp\/v2\/product_brand?post=2835"},{"taxonomy":"product_cat","embeddable":true,"href":"https:\/\/edsi.ee\/en\/wp-json\/wp\/v2\/product_cat?post=2835"},{"taxonomy":"product_tag","embeddable":true,"href":"https:\/\/edsi.ee\/en\/wp-json\/wp\/v2\/product_tag?post=2835"}],"curies":[{"name":"wp","href":"https:\/\/api.w.org\/{rel}","templated":true}]}}