{"id":2833,"date":"2024-10-30T11:25:02","date_gmt":"2024-10-30T11:25:02","guid":{"rendered":"https:\/\/edsi.ee\/product\/staterm-20-heat-carrier-20-l\/"},"modified":"2025-02-11T18:15:27","modified_gmt":"2025-02-11T18:15:27","slug":"staterm-20-heat-carrier-20-l","status":"publish","type":"product","link":"https:\/\/edsi.ee\/en\/product\/staterm-20-heat-carrier-20-l\/","title":{"rendered":"STATERM -20 heat carrier 20 l"},"content":{"rendered":"<p>Soovitusvedelik on m\u00f5eldud kasutamiseks k\u00fctte- ja kliimaseadmetes, mille koostisosad on valmistatud terasest, plastist, rauast ja vaskist. See kaitseb s\u00fcsteemi k\u00fclmumise eest. Pikendab k\u00fctteseadmete eluiga ja kaitseb neid k\u00fclmumise eest.<\/p>\n<p><strong>KOOSTIS:<\/strong> Et\u00fcleenigl\u00fckool, korrosioonivastased lisandid, vahut\u00f5kestajad, stabiliseerimisained ja k\u00f5rge kvaliteediga multifunktsionaalsete lisandite segu.<\/p>\n<p><strong>OMADUSED:<\/strong><\/p>\n<ul>\n<li>Sisaldab tasakaalustatud korrosioonikaitsekompleksi, et kaitsta terast, rauda, vaske, messingit, duralumiiniumi;<\/li>\n<li>Ei sisalda nitraate, amiine ega fosfaate;<\/li>\n<li>Ei k\u00fclmu temperatuuridel kuni -20\u02daC;<\/li>\n<li>Kaitseb k\u00fcttes\u00fcsteemi korrosiooni eest;<\/li>\n<li>Ei kahjusta tihendeid;<\/li>\n<li>Eemaldab katlakivi ja muud mineraalsed sadestused k\u00fcttes\u00fcsteemi pindadelt;<\/li>\n<li>Keemistemperatuur +109\u02daC;<\/li>\n<li>K\u00fcttes\u00fcsteemi teenuseiga on v\u00e4hemalt 5 aastat, kui seda kasutatakse vastavalt kasutusjuhendile.<\/li>\n<\/ul>\n<p><strong>KASUTUSJUHEND:<\/strong> K\u00fclmaainet ei tohi lahjendada, kuna see sisaldab tasakaalustatud lisandite segu. K\u00fclmaaine valatakse k\u00fcttes\u00fcsteemi ja s\u00fcsteemi kasutatakse vastavalt juhistele.<\/p>\n<p><strong>HOIUSTAMINE:<\/strong> Hoida tihedalt suletud anumas temperatuuril \u00fcle 5\u00b0C kuivas ja ventileeritavas ruumis.<\/p>","protected":false},"excerpt":{"rendered":"<p>Soovitusvedelik on m\u00f5eldud kasutamiseks k\u00fctte- ja kliimaseadmetes, mille koostisosad on valmistatud terasest, plastist, rauast ja vaskist. See kaitseb s\u00fcsteemi k\u00fclmumise eest. Pikendab k\u00fctteseadmete eluiga ja kaitseb neid k\u00fclmumise eest.<\/p>","protected":false},"featured_media":2831,"template":"","meta":[],"product_brand":[],"product_cat":[15,36],"product_tag":[],"class_list":{"0":"post-2833","1":"product","2":"type-product","3":"status-publish","4":"has-post-thumbnail","6":"product_cat-muu","7":"product_cat-stafor","8":"ts_product_brand-stafor","10":"first","11":"instock","12":"taxable","13":"shipping-taxable","14":"purchasable","15":"product-type-simple"},"_links":{"self":[{"href":"https:\/\/edsi.ee\/en\/wp-json\/wp\/v2\/product\/2833","targetHints":{"allow":["GET"]}}],"collection":[{"href":"https:\/\/edsi.ee\/en\/wp-json\/wp\/v2\/product"}],"about":[{"href":"https:\/\/edsi.ee\/en\/wp-json\/wp\/v2\/types\/product"}],"wp:featuredmedia":[{"embeddable":true,"href":"https:\/\/edsi.ee\/en\/wp-json\/wp\/v2\/media\/2831"}],"wp:attachment":[{"href":"https:\/\/edsi.ee\/en\/wp-json\/wp\/v2\/media?parent=2833"}],"wp:term":[{"taxonomy":"product_brand","embeddable":true,"href":"https:\/\/edsi.ee\/en\/wp-json\/wp\/v2\/product_brand?post=2833"},{"taxonomy":"product_cat","embeddable":true,"href":"https:\/\/edsi.ee\/en\/wp-json\/wp\/v2\/product_cat?post=2833"},{"taxonomy":"product_tag","embeddable":true,"href":"https:\/\/edsi.ee\/en\/wp-json\/wp\/v2\/product_tag?post=2833"}],"curies":[{"name":"wp","href":"https:\/\/api.w.org\/{rel}","templated":true}]}}