{"id":2789,"date":"2024-10-28T13:55:46","date_gmt":"2024-10-28T13:55:46","guid":{"rendered":"https:\/\/edsi.ee\/product\/pressjaw-u20-pb2\/"},"modified":"2025-02-11T18:15:28","modified_gmt":"2025-02-11T18:15:28","slug":"pressjaw-u20-pb2","status":"publish","type":"product","link":"https:\/\/edsi.ee\/en\/product\/pressjaw-u20-pb2\/","title":{"rendered":"Pressjaw U20 PB2"},"content":{"rendered":"<p>Pressjaw U20 PB21 Novopress (laser engraving)<\/p>\n<h4>Eelised<\/h4>\n<ol>\n<li>Presstangide s\u00fcmmeetriline k\u00e4ik sobib ideaalselt \u00fche k\u00e4ega t\u00f6\u00f6riistaga t\u00f6\u00f6tamiseks<\/li>\n<\/ol>\n<ol>\n<li>Presstangide t\u00e4iustatud v\u00e4liskontuur raskesti ligip\u00e4\u00e4setavates kohtades t\u00f6\u00f6tamiseks<\/li>\n<\/ol>","protected":false},"excerpt":{"rendered":"<p>Pressjaw U20 PB21 Novopress (laser engraving)<\/p>","protected":false},"featured_media":2757,"template":"","meta":[],"product_brand":[],"product_cat":[248],"product_tag":[268,266,267,265,270,269],"class_list":{"0":"post-2789","1":"product","2":"type-product","3":"status-publish","4":"has-post-thumbnail","6":"product_cat-presspihid-pb2","7":"product_tag-novopress","8":"product_tag-pressjaw","9":"product_tag-presspihid","10":"product_tag-presspiht","11":"product_tag-270","12":"product_tag-269","13":"ts_product_brand-novopress","15":"first","16":"instock","17":"taxable","18":"shipping-taxable","19":"purchasable","20":"product-type-simple"},"_links":{"self":[{"href":"https:\/\/edsi.ee\/en\/wp-json\/wp\/v2\/product\/2789","targetHints":{"allow":["GET"]}}],"collection":[{"href":"https:\/\/edsi.ee\/en\/wp-json\/wp\/v2\/product"}],"about":[{"href":"https:\/\/edsi.ee\/en\/wp-json\/wp\/v2\/types\/product"}],"wp:featuredmedia":[{"embeddable":true,"href":"https:\/\/edsi.ee\/en\/wp-json\/wp\/v2\/media\/2757"}],"wp:attachment":[{"href":"https:\/\/edsi.ee\/en\/wp-json\/wp\/v2\/media?parent=2789"}],"wp:term":[{"taxonomy":"product_brand","embeddable":true,"href":"https:\/\/edsi.ee\/en\/wp-json\/wp\/v2\/product_brand?post=2789"},{"taxonomy":"product_cat","embeddable":true,"href":"https:\/\/edsi.ee\/en\/wp-json\/wp\/v2\/product_cat?post=2789"},{"taxonomy":"product_tag","embeddable":true,"href":"https:\/\/edsi.ee\/en\/wp-json\/wp\/v2\/product_tag?post=2789"}],"curies":[{"name":"wp","href":"https:\/\/api.w.org\/{rel}","templated":true}]}}