{"id":2785,"date":"2024-10-28T13:17:01","date_gmt":"2024-10-28T13:17:01","guid":{"rendered":"https:\/\/edsi.ee\/product\/tool-box-for-aco103\/"},"modified":"2025-02-11T15:04:59","modified_gmt":"2025-02-11T15:04:59","slug":"tool-box-for-aco103","status":"publish","type":"product","link":"https:\/\/edsi.ee\/en\/product\/tool-box-for-aco103\/","title":{"rendered":"Tool box for ACO103"},"content":{"rendered":"","protected":false},"excerpt":{"rendered":"<div id=\"list-applications\" class=\"col-lg-4 mb-5 gr-applications solution-approval-card__container\" data-rocket-location-hash=\"2031a07dc2cdb7123710aa445d0befe7\"><\/div>\n<div id=\"list-approvals\" class=\"col-lg-4 mb-5 gr-approvals solution-approval-card__container\" data-rocket-location-hash=\"7a2d4b0df80ca50863949791713ddd73\">\n<p>Novopress P5991 on lisatarvikud, mis sobivad Novopress ACO103-ga. Novopress t\u00f6\u00f6riistad on kasutatavad erinevate t\u00f6\u00f6tlust\u00fc\u00fcpide ja materjalide jaoks. Lai Novopress t\u00f6\u00f6riistade valik v\u00f5imaldab luua kvaliteetseid ja tihedaid toru\u00fchendusi, olgu need siis roostevabast terasest, s\u00fcsinikterasest, vasest, plastikutest, PEX-torudest v\u00f5i mitmekihilistest torudest ja liitmikest.<\/p>\n<\/div>","protected":false},"featured_media":2769,"template":"","meta":[],"product_brand":[],"product_cat":[247,250],"product_tag":[],"class_list":{"0":"post-2785","1":"product","2":"type-product","3":"status-publish","4":"has-post-thumbnail","6":"product_cat-presspihid-pb1","7":"product_cat-novopress-torupress","8":"ts_product_brand-novopress","10":"first","11":"instock","12":"taxable","13":"shipping-taxable","14":"purchasable","15":"product-type-simple"},"_links":{"self":[{"href":"https:\/\/edsi.ee\/en\/wp-json\/wp\/v2\/product\/2785","targetHints":{"allow":["GET"]}}],"collection":[{"href":"https:\/\/edsi.ee\/en\/wp-json\/wp\/v2\/product"}],"about":[{"href":"https:\/\/edsi.ee\/en\/wp-json\/wp\/v2\/types\/product"}],"wp:featuredmedia":[{"embeddable":true,"href":"https:\/\/edsi.ee\/en\/wp-json\/wp\/v2\/media\/2769"}],"wp:attachment":[{"href":"https:\/\/edsi.ee\/en\/wp-json\/wp\/v2\/media?parent=2785"}],"wp:term":[{"taxonomy":"product_brand","embeddable":true,"href":"https:\/\/edsi.ee\/en\/wp-json\/wp\/v2\/product_brand?post=2785"},{"taxonomy":"product_cat","embeddable":true,"href":"https:\/\/edsi.ee\/en\/wp-json\/wp\/v2\/product_cat?post=2785"},{"taxonomy":"product_tag","embeddable":true,"href":"https:\/\/edsi.ee\/en\/wp-json\/wp\/v2\/product_tag?post=2785"}],"curies":[{"name":"wp","href":"https:\/\/api.w.org\/{rel}","templated":true}]}}