{"id":2783,"date":"2024-10-28T13:08:33","date_gmt":"2024-10-28T13:08:33","guid":{"rendered":"https:\/\/edsi.ee\/product\/battery-m12-20-ah-li-ion\/"},"modified":"2025-02-11T15:31:21","modified_gmt":"2025-02-11T15:31:21","slug":"battery-m12-20-ah-li-ion","status":"publish","type":"product","link":"https:\/\/edsi.ee\/en\/product\/battery-m12-20-ah-li-ion\/","title":{"rendered":"Battery M12 2,0 Ah Li-Ion"},"content":{"rendered":"<h4>Omadused<\/h4>\n<ul>\n<li>Individuaalne raku j\u00e4lgimine, mis tagab optimaalse laadimise ja t\u00fchjenemise maksimaalse eluea saavutamiseks<\/li>\n<li>K\u00fctuse m\u00f5\u00f5dik, mis kuvab j\u00e4relej\u00e4\u00e4nud laengu<\/li>\n<li>Temperatuuri juhtimiss\u00fcsteem<\/li>\n<li>REDLINK\u2122 \u00fclekoormuse kaitse<\/li>\n<li>REDLITHIUM\u2122 akudel on tavap\u00e4rane 1-aastane garantii, registreeri 30 p\u00e4eva jooksul alates ostu sooritamisest, et pikendada garantiid veel 1 aastaks<\/li>\n<\/ul>","protected":false},"excerpt":{"rendered":"<p>Individuaalne raku j\u00e4lgimine, mis tagab optimaalse laadimise ja t\u00fchjenemise maksimaalse eluea<\/p>","protected":false},"featured_media":2782,"template":"","meta":[],"product_brand":[],"product_cat":[15,250],"product_tag":[],"class_list":{"0":"post-2783","1":"product","2":"type-product","3":"status-publish","4":"has-post-thumbnail","6":"product_cat-muu","7":"product_cat-novopress-torupress","8":"ts_product_brand-milwaukee","10":"first","11":"instock","12":"taxable","13":"shipping-taxable","14":"purchasable","15":"product-type-simple"},"_links":{"self":[{"href":"https:\/\/edsi.ee\/en\/wp-json\/wp\/v2\/product\/2783","targetHints":{"allow":["GET"]}}],"collection":[{"href":"https:\/\/edsi.ee\/en\/wp-json\/wp\/v2\/product"}],"about":[{"href":"https:\/\/edsi.ee\/en\/wp-json\/wp\/v2\/types\/product"}],"wp:featuredmedia":[{"embeddable":true,"href":"https:\/\/edsi.ee\/en\/wp-json\/wp\/v2\/media\/2782"}],"wp:attachment":[{"href":"https:\/\/edsi.ee\/en\/wp-json\/wp\/v2\/media?parent=2783"}],"wp:term":[{"taxonomy":"product_brand","embeddable":true,"href":"https:\/\/edsi.ee\/en\/wp-json\/wp\/v2\/product_brand?post=2783"},{"taxonomy":"product_cat","embeddable":true,"href":"https:\/\/edsi.ee\/en\/wp-json\/wp\/v2\/product_cat?post=2783"},{"taxonomy":"product_tag","embeddable":true,"href":"https:\/\/edsi.ee\/en\/wp-json\/wp\/v2\/product_tag?post=2783"}],"curies":[{"name":"wp","href":"https:\/\/api.w.org\/{rel}","templated":true}]}}