{"id":2781,"date":"2024-10-28T12:28:50","date_gmt":"2024-10-28T12:28:50","guid":{"rendered":"https:\/\/edsi.ee\/product\/pressjaw-v35-pb1\/"},"modified":"2025-02-11T15:33:19","modified_gmt":"2025-02-11T15:33:19","slug":"pressjaw-v35-pb1","status":"publish","type":"product","link":"https:\/\/edsi.ee\/en\/product\/pressjaw-v35-pb1\/","title":{"rendered":"Pressjaw V35 PB1"},"content":{"rendered":"<p>Pressjaw V35 PB1\u00a0\u00a0 Novopress (laser engraving)<\/p>\n<h4>Eelised<\/h4>\n<ol>\n<li>Presstangide s\u00fcmmeetriline k\u00e4ik sobib ideaalselt \u00fche k\u00e4ega t\u00f6\u00f6riistaga t\u00f6\u00f6tamiseks<\/li>\n<\/ol>\n<ol>\n<li>Presstangide t\u00e4iustatud v\u00e4liskontuur raskesti ligip\u00e4\u00e4setavates kohtades t\u00f6\u00f6tamiseks<\/li>\n<\/ol>","protected":false},"excerpt":{"rendered":"<p>Pressjaw V35 PB1\u00a0\u00a0 Novopress (laser engraving) Eelised Presstangide s\u00fcmmeetriline k\u00e4ik sobib ideaalselt \u00fche k\u00e4ega t\u00f6\u00f6riistaga t\u00f6\u00f6tamiseks Presstangide t\u00e4iustatud v\u00e4liskontuur raskesti ligip\u00e4\u00e4setavates kohtades t\u00f6\u00f6tamiseks<\/p>","protected":false},"featured_media":2636,"template":"","meta":[],"product_brand":[],"product_cat":[247],"product_tag":[268,266,267,265,270,269],"class_list":{"0":"post-2781","1":"product","2":"type-product","3":"status-publish","4":"has-post-thumbnail","6":"product_cat-presspihid-pb1","7":"product_tag-novopress","8":"product_tag-pressjaw","9":"product_tag-presspihid","10":"product_tag-presspiht","11":"product_tag-270","12":"product_tag-269","13":"ts_product_brand-novopress","15":"first","16":"instock","17":"taxable","18":"shipping-taxable","19":"purchasable","20":"product-type-simple"},"_links":{"self":[{"href":"https:\/\/edsi.ee\/en\/wp-json\/wp\/v2\/product\/2781","targetHints":{"allow":["GET"]}}],"collection":[{"href":"https:\/\/edsi.ee\/en\/wp-json\/wp\/v2\/product"}],"about":[{"href":"https:\/\/edsi.ee\/en\/wp-json\/wp\/v2\/types\/product"}],"wp:featuredmedia":[{"embeddable":true,"href":"https:\/\/edsi.ee\/en\/wp-json\/wp\/v2\/media\/2636"}],"wp:attachment":[{"href":"https:\/\/edsi.ee\/en\/wp-json\/wp\/v2\/media?parent=2781"}],"wp:term":[{"taxonomy":"product_brand","embeddable":true,"href":"https:\/\/edsi.ee\/en\/wp-json\/wp\/v2\/product_brand?post=2781"},{"taxonomy":"product_cat","embeddable":true,"href":"https:\/\/edsi.ee\/en\/wp-json\/wp\/v2\/product_cat?post=2781"},{"taxonomy":"product_tag","embeddable":true,"href":"https:\/\/edsi.ee\/en\/wp-json\/wp\/v2\/product_tag?post=2781"}],"curies":[{"name":"wp","href":"https:\/\/api.w.org\/{rel}","templated":true}]}}