{"id":2764,"date":"2022-06-07T11:00:43","date_gmt":"2022-06-07T11:00:43","guid":{"rendered":"https:\/\/edsi.ee\/product\/pressjaw-u20-pb1\/"},"modified":"2025-02-11T15:34:21","modified_gmt":"2025-02-11T15:34:21","slug":"pressjaw-u20-pb1","status":"publish","type":"product","link":"https:\/\/edsi.ee\/en\/product\/pressjaw-u20-pb1\/","title":{"rendered":"Pressjaw U20 PB1"},"content":{"rendered":"<p>Pressjaw U20 PB1 Novopress (laser engraving)<\/p>\n<p><\/p>\n<h2><font face=\"Times New Roman\" style=\"background-color: rgb(255, 255, 255);\" color=\"#ff0000\">Eelised<\/font><\/h2>\n<h3>\n<ol>\n<li><font face=\"Times New Roman\">Presstangide s\u00fcmmeetriline k\u00e4ik sobib ideaalselt \u00fche k\u00e4ega t\u00f6\u00f6riistaga t\u00f6\u00f6tamiseks<\/font><\/li>\n<\/ol>\n<ol>\n<li><font face=\"Times New Roman\">Presstangide t\u00e4iustatud v\u00e4liskontuur raskesti ligip\u00e4\u00e4setavates kohtades t\u00f6\u00f6tamiseks<\/font><\/li>\n<\/ol>\n<\/h3>","protected":false},"excerpt":{"rendered":"<p>Pressjaw U20 PB1 Novopress (laser engraving) Eelised Presstangide s\u00fcmmeetriline k\u00e4ik sobib ideaalselt \u00fche k\u00e4ega t\u00f6\u00f6riistaga t\u00f6\u00f6tamiseks Presstangide t\u00e4iustatud v\u00e4liskontuur raskesti ligip\u00e4\u00e4setavates kohtades t\u00f6\u00f6tamiseks<\/p>","protected":false},"featured_media":2757,"template":"","meta":[],"product_brand":[],"product_cat":[247],"product_tag":[268,266,267,265,270,269],"class_list":{"0":"post-2764","1":"product","2":"type-product","3":"status-publish","4":"has-post-thumbnail","6":"product_cat-presspihid-pb1","7":"product_tag-novopress","8":"product_tag-pressjaw","9":"product_tag-presspihid","10":"product_tag-presspiht","11":"product_tag-270","12":"product_tag-269","13":"ts_product_brand-novopress","15":"first","16":"instock","17":"taxable","18":"shipping-taxable","19":"purchasable","20":"product-type-simple"},"_links":{"self":[{"href":"https:\/\/edsi.ee\/en\/wp-json\/wp\/v2\/product\/2764","targetHints":{"allow":["GET"]}}],"collection":[{"href":"https:\/\/edsi.ee\/en\/wp-json\/wp\/v2\/product"}],"about":[{"href":"https:\/\/edsi.ee\/en\/wp-json\/wp\/v2\/types\/product"}],"wp:featuredmedia":[{"embeddable":true,"href":"https:\/\/edsi.ee\/en\/wp-json\/wp\/v2\/media\/2757"}],"wp:attachment":[{"href":"https:\/\/edsi.ee\/en\/wp-json\/wp\/v2\/media?parent=2764"}],"wp:term":[{"taxonomy":"product_brand","embeddable":true,"href":"https:\/\/edsi.ee\/en\/wp-json\/wp\/v2\/product_brand?post=2764"},{"taxonomy":"product_cat","embeddable":true,"href":"https:\/\/edsi.ee\/en\/wp-json\/wp\/v2\/product_cat?post=2764"},{"taxonomy":"product_tag","embeddable":true,"href":"https:\/\/edsi.ee\/en\/wp-json\/wp\/v2\/product_tag?post=2764"}],"curies":[{"name":"wp","href":"https:\/\/api.w.org\/{rel}","templated":true}]}}