{"id":2748,"date":"2020-04-15T15:19:08","date_gmt":"2020-04-15T15:19:08","guid":{"rendered":"https:\/\/edsi.ee\/product\/novopress-efp203-standart\/"},"modified":"2025-02-11T15:36:05","modified_gmt":"2025-02-11T15:36:05","slug":"novopress-efp203-standart","status":"publish","type":"product","link":"https:\/\/edsi.ee\/en\/product\/novopress-efp203-standart\/","title":{"rendered":"Novopress EFP203 Standart"},"content":{"rendered":"<p>Pidevalt k\u00f5rge t\u00f6\u00f6 efektiivsus, t\u00f6\u00f6kindlus ja vastupidavus &#8211; Novopressi toodete plussid on tuntud juba 1972. aastast peale ja uus EFP203 pressit\u00f6\u00f6riist vastab t\u00e4ielikult \u00fcksk\u00f5ik millisele neist kriteeriumidest.<\/p>\n<p>Uut standardset liini EFP203 pressit\u00f6\u00f6riista kasutatakse metalltorude \/ liitmike pressimiseks 12 kuni 54 mm (s\u00f5ltuvalt s\u00fcsteemidest kuni 108 mm) ning seda saab kasutada plasttorude ja mitmekihiliste torude \u00fchendamiseks l\u00e4bim\u00f5\u00f5duga kuni 110 mm.<\/p>\n<p>T\u00e4nu 25% * kaalu alandamisele ja saleda kujundusele hoiab EFP203 veelgi kindlamini k\u00e4es ja tagab usaldusv\u00e4\u00e4rse kasutamise ka siis, kui t\u00f6\u00f6tab pea kohal. Kolvi automaatne naasmine algasendisse ja l\u00fchike pressimisaeg muudavad t\u00f6\u00f6riista EFP203 \u00f6konoomseks alternatiiviks kaasaegse pressitehnoloogia valdkonnas.<\/p>\n<h4>EELISED<\/h4>\n<ul>\n<li>25% kaalu kokkuhoid *<\/li>\n<li>6 cm l\u00fchem *<\/li>\n<li>Tugev konstruktsioon<\/li>\n<li>Automaatne l\u00e4htestamine<\/li>\n<li>Lihtne operatsioon<\/li>\n<li>P\u00f6\u00f6rdpadrun<\/li>\n<\/ul>\n<p><em>(* V\u00f5rreldes eelmise mudeliga EFP202)<\/em><\/p>","protected":false},"excerpt":{"rendered":"<p>Pidevalt k\u00f5rge t\u00f6\u00f6 efektiivsus, t\u00f6\u00f6kindlus ja vastupidavus &#8211; Novopressi toodete plussid on tuntud juba 1972. aastast peale ja uus EFP203 pressit\u00f6\u00f6riist vastab t\u00e4ielikult \u00fcksk\u00f5ik millisele neist kriteeriumidest.<\/p>","protected":false},"featured_media":2747,"template":"","meta":[],"product_brand":[],"product_cat":[251],"product_tag":[264],"class_list":{"0":"post-2748","1":"product","2":"type-product","3":"status-publish","4":"has-post-thumbnail","6":"product_cat-torupress","7":"product_tag-novopress-efp203-standart","8":"ts_product_brand-novopress","10":"first","11":"instock","12":"taxable","13":"shipping-taxable","14":"purchasable","15":"product-type-simple"},"_links":{"self":[{"href":"https:\/\/edsi.ee\/en\/wp-json\/wp\/v2\/product\/2748","targetHints":{"allow":["GET"]}}],"collection":[{"href":"https:\/\/edsi.ee\/en\/wp-json\/wp\/v2\/product"}],"about":[{"href":"https:\/\/edsi.ee\/en\/wp-json\/wp\/v2\/types\/product"}],"wp:featuredmedia":[{"embeddable":true,"href":"https:\/\/edsi.ee\/en\/wp-json\/wp\/v2\/media\/2747"}],"wp:attachment":[{"href":"https:\/\/edsi.ee\/en\/wp-json\/wp\/v2\/media?parent=2748"}],"wp:term":[{"taxonomy":"product_brand","embeddable":true,"href":"https:\/\/edsi.ee\/en\/wp-json\/wp\/v2\/product_brand?post=2748"},{"taxonomy":"product_cat","embeddable":true,"href":"https:\/\/edsi.ee\/en\/wp-json\/wp\/v2\/product_cat?post=2748"},{"taxonomy":"product_tag","embeddable":true,"href":"https:\/\/edsi.ee\/en\/wp-json\/wp\/v2\/product_tag?post=2748"}],"curies":[{"name":"wp","href":"https:\/\/api.w.org\/{rel}","templated":true}]}}