{"id":2746,"date":"2020-04-15T14:36:46","date_gmt":"2020-04-15T14:36:46","guid":{"rendered":"https:\/\/edsi.ee\/product\/press-tool-aco203-bt-battery-50ah-li-ion-18v-charger-230v-in-tool-box-with-bluetooth\/"},"modified":"2025-02-11T15:36:44","modified_gmt":"2025-02-11T15:36:44","slug":"press-tool-aco203-bt-battery-50ah-li-ion-18v-charger-230v-in-tool-box-with-bluetooth","status":"publish","type":"product","link":"https:\/\/edsi.ee\/en\/product\/press-tool-aco203-bt-battery-50ah-li-ion-18v-charger-230v-in-tool-box-with-bluetooth\/","title":{"rendered":"Press tool ACO203 BT, battery 5,0Ah Li-Ion 18V, charger 230V in tool box (with Bluetooth)"},"content":{"rendered":"<p>Tootlikum ja lihtsam: meie uus t\u00f6\u00f6riist ACO203 on juhtmeta, mis sobib v\u00e4ga h\u00e4sti neile, kes peavad t\u00f5husalt t\u00f6\u00f6tama. T\u00e4nu veelgi v\u00e4iksemale kaalule * ja optimeeritud disainile h\u00f5lbustab t\u00f6\u00f6riist pea kohale paigaldamist h\u00f5lpsamini t\u00f6\u00f6tamist. Valgusdioodi abil, mis on mugavuse rea \u00fcks uusi funktsioone, saab pressimiskohta valgustada. Uuendusliku harjadeta mootoritehnoloogia ACO203 kasutamisel on v\u00f5imalik kuni 40% rohkem pressimist aku laadimise kohta *. Seoses uue mootoritehnoloogiaga on kogu t\u00f6\u00f6riista hooldusvajadus m\u00e4rkimisv\u00e4\u00e4rselt v\u00e4henenud.<\/p>\n<p>T\u00e4nu uue juhtmevaba tehnoloogia kasutuselev\u00f5tule saab instrumentide andmeid edastada rakenduse NovoCheck kaudu.<\/p>\n<h4>EELISED<\/h4>\n<ul>\n<li>Kerge kaal<\/li>\n<li>Kohtvalgusti<\/li>\n<li>Ennetavate hoolduskontrollide intervall on 2 aastat, ilma ts\u00fcklite arvu piiramata<\/li>\n<li>Suurem pressimiskiirus t\u00e4nu Brushless Motor Technologie&#8217;le (ACO203)<\/li>\n<li>40% rohkem pressimisi \u00fche aku laadimisel * (ACO203)<\/li>\n<li>Pressi t\u00f6\u00f6riista j\u00f5udluse anal\u00fc\u00fcs, kasutades mobiilirakendust NovoCheck<\/li>\n<\/ul>\n<p><em>(* v\u00f5rreldes eelmise mudeliga ACO202)<\/em><\/p>","protected":false},"excerpt":{"rendered":"<p>Tootlikum ja lihtsam: meie uus t\u00f6\u00f6riist ACO203 on juhtmeta, mis sobib v\u00e4ga h\u00e4sti neile, kes peavad t\u00f5husalt t\u00f6\u00f6tama. T\u00e4nu veelgi v\u00e4iksemale kaalule * ja optimeeritud disainile h\u00f5lbustab t\u00f6\u00f6riist pea kohale paigaldamist h\u00f5lpsamini t\u00f6\u00f6tamist. Valgusdioodi abil, mis on mugavuse rea \u00fcks uusi funktsioone, saab pressimiskohta valgustada. Uuendusliku harjadeta mootoritehnoloogia ACO203 kasutamisel on v\u00f5imalik kuni 40% rohkem pressimist aku laadimise kohta *. Seoses uue mootoritehnoloogiaga on kogu t\u00f6\u00f6riista hooldusvajadus m\u00e4rkimisv\u00e4\u00e4rselt v\u00e4henenud.<\/p>","protected":false},"featured_media":2745,"template":"","meta":[],"product_brand":[],"product_cat":[251],"product_tag":[263],"class_list":{"0":"post-2746","1":"product","2":"type-product","3":"status-publish","4":"has-post-thumbnail","6":"product_cat-torupress","7":"product_tag-novopress-aco203","8":"ts_product_brand-novopress","10":"first","11":"instock","12":"taxable","13":"shipping-taxable","14":"purchasable","15":"product-type-simple"},"_links":{"self":[{"href":"https:\/\/edsi.ee\/en\/wp-json\/wp\/v2\/product\/2746","targetHints":{"allow":["GET"]}}],"collection":[{"href":"https:\/\/edsi.ee\/en\/wp-json\/wp\/v2\/product"}],"about":[{"href":"https:\/\/edsi.ee\/en\/wp-json\/wp\/v2\/types\/product"}],"wp:featuredmedia":[{"embeddable":true,"href":"https:\/\/edsi.ee\/en\/wp-json\/wp\/v2\/media\/2745"}],"wp:attachment":[{"href":"https:\/\/edsi.ee\/en\/wp-json\/wp\/v2\/media?parent=2746"}],"wp:term":[{"taxonomy":"product_brand","embeddable":true,"href":"https:\/\/edsi.ee\/en\/wp-json\/wp\/v2\/product_brand?post=2746"},{"taxonomy":"product_cat","embeddable":true,"href":"https:\/\/edsi.ee\/en\/wp-json\/wp\/v2\/product_cat?post=2746"},{"taxonomy":"product_tag","embeddable":true,"href":"https:\/\/edsi.ee\/en\/wp-json\/wp\/v2\/product_tag?post=2746"}],"curies":[{"name":"wp","href":"https:\/\/api.w.org\/{rel}","templated":true}]}}