{"id":2743,"date":"2020-04-15T12:57:33","date_gmt":"2020-04-15T12:57:33","guid":{"rendered":"https:\/\/edsi.ee\/product\/novopress-aco103-komplekt-230v-2-akkut-x-20ah-laadija-pb1-m15-18-22-28-35-np-tooristakast\/"},"modified":"2025-02-11T15:34:21","modified_gmt":"2025-02-11T15:34:21","slug":"novopress-aco103-komplekt-230v-2-akkut-x-20ah-laadija-pb1-m15-18-22-28-35-np-tooristakast","status":"publish","type":"product","link":"https:\/\/edsi.ee\/en\/product\/novopress-aco103-komplekt-230v-2-akkut-x-20ah-laadija-pb1-m15-18-22-28-35-np-tooristakast\/","title":{"rendered":"Novopress ACO103 komplekt 230V (2 akkut x 2,0Ah) Laadija,  PB1 M15; 18; 22; 28; 35 NP, t\u00f6\u00f6ristakast"},"content":{"rendered":"<p style=\"margin-bottom: 15px; padding: 0px;\"><font face=\"Trebuchet MS, Arial, sans-serif\"><span style=\"font-size: 13px;\">Uus pressit\u00f6\u00f6riist ACO103, mis on m\u00f5eldud t\u00f6\u00f6ks kuni 35 mm nimil\u00e4bim\u00f5\u00f5duga metalltorude ja kuni 40 mm l\u00e4bim\u00f5\u00f5duga plasttorudega, on kuulsa ACO102 j\u00e4rgija ning sellel on mitmeid lisaeeliseid, mis muudavad t\u00f6\u00f6riistaga t\u00f6\u00f6tamise veelgi lihtsamaks ja t\u00f5husamaks.<\/span><\/font><\/p>\n<p style=\"margin-bottom: 15px; padding: 0px;\"><font face=\"Trebuchet MS, Arial, sans-serif\"><span style=\"font-size: 13px;\"><br \/><\/span><\/font><span style=\"font-family: &quot;Trebuchet MS&quot;, Arial, sans-serif; font-size: 13px;\">See kompaktne pressit\u00f6\u00f6riist on varustatud Bluetooth\u00ae-funktsiooniga, t\u00e4nu millele saate rakenduse NovoCheck abil saada spetsiaalset teavet seadme t\u00f6\u00f6 kohta. ACO103 on v\u00f5imeline valgustama ka t\u00f6\u00f6ala ja on varustatud elektroonilise lukustuspoldiga. L\u00e4bipaistva k\u00e4ivitusnupu all asuv praktiline LED-indikaator n\u00e4itab teavet aku laetuse, seadme oleku ja tuvastatud vigade kohta.<\/span><\/p>\n<p style=\"margin-bottom: 15px; padding: 0px;\"><span style=\"font-size: 13px; font-family: &quot;Trebuchet MS&quot;, Arial, sans-serif;\">T\u00f6\u00f6riista kompaktsuse t\u00f5ttu saab seda \u00fche k\u00e4ega juhtida, mis v\u00f5imaldab t\u00f6\u00f6tada ka raskesti ligip\u00e4\u00e4setavates kohtades.<\/span><\/p>\n<p style=\"outline: 0px; margin-bottom: 15px; color: rgb(51, 51, 51); font-family: &quot;Open Sans Condensed&quot;; font-size: 16px; padding: 0px;\"><font face=\"Trebuchet MS, Arial, sans-serif\" style=\"outline: 0px;\"><span style=\"outline: 0px; font-size: 13px;\">EELISED<\/span><\/font><\/p>\n<p style=\"outline: 0px; margin-bottom: 15px; color: rgb(51, 51, 51); font-family: &quot;Open Sans Condensed&quot;; font-size: 16px; padding: 0px;\"><font face=\"Trebuchet MS, Arial, sans-serif\" style=\"outline: 0px;\"><span style=\"outline: 0px; font-size: 13px;\">V\u00f5imsad Li-Ion akud<\/span><\/font><\/p>\n<p style=\"outline: 0px; margin-bottom: 15px; color: rgb(51, 51, 51); font-family: &quot;Open Sans Condensed&quot;; font-size: 16px; padding: 0px;\"><font face=\"Trebuchet MS, Arial, sans-serif\" style=\"outline: 0px;\"><span style=\"outline: 0px; font-size: 13px;\">Kohtvalgusti<\/span><\/font><\/p>\n<p style=\"outline: 0px; margin-bottom: 15px; color: rgb(51, 51, 51); font-family: &quot;Open Sans Condensed&quot;; font-size: 16px; padding: 0px;\"><font face=\"Trebuchet MS, Arial, sans-serif\" style=\"outline: 0px;\"><span style=\"outline: 0px; font-size: 13px;\">Automaatne pressimisprotsess<\/span><\/font><\/p>\n<p style=\"outline: 0px; margin-bottom: 15px; color: rgb(51, 51, 51); font-family: &quot;Open Sans Condensed&quot;; font-size: 16px; padding: 0px;\"><font face=\"Trebuchet MS, Arial, sans-serif\" style=\"outline: 0px;\"><span style=\"outline: 0px; font-size: 13px;\">\u00dche k\u00e4ega operatsioon<\/span><\/font><\/p>\n<p style=\"outline: 0px; margin-bottom: 15px; color: rgb(51, 51, 51); font-family: &quot;Open Sans Condensed&quot;; font-size: 16px; padding: 0px;\"><font face=\"Trebuchet MS, Arial, sans-serif\" style=\"outline: 0px;\"><span style=\"outline: 0px; font-size: 13px;\">Olekutuli<\/span><\/font><\/p>\n<p style=\"outline: 0px; margin-bottom: 15px; color: rgb(51, 51, 51); font-family: &quot;Open Sans Condensed&quot;; font-size: 16px; padding: 0px;\"><font face=\"Trebuchet MS, Arial, sans-serif\" style=\"outline: 0px;\"><span style=\"outline: 0px; font-size: 13px;\">Elektrooniline poltilukk<\/span><\/font><\/p>\n<p style=\"outline: 0px; margin-bottom: 15px; color: rgb(51, 51, 51); font-family: &quot;Open Sans Condensed&quot;; font-size: 16px; padding: 0px;\"><font face=\"Trebuchet MS, Arial, sans-serif\" style=\"outline: 0px;\"><span style=\"outline: 0px; font-size: 13px;\">T\u00f6\u00f6riista olekut saate kontrollida rakendusega NovoCheck<\/span><\/font><\/p>\n<p style=\"margin-bottom: 15px; padding: 0px;\"><\/p>","protected":false},"excerpt":{"rendered":"<p>Uus pressit\u00f6\u00f6riist ACO103, mis on m\u00f5eldud t\u00f6\u00f6ks kuni 35 mm nimil\u00e4bim\u00f5\u00f5duga metalltorude ja kuni 40 mm l\u00e4bim\u00f5\u00f5duga plasttorudega, on kuulsa ACO102 j\u00e4rgija ning sellel on mitmeid lisaeeliseid, mis muudavad t\u00f6\u00f6riistaga t\u00f6\u00f6tamise veelgi lihtsamaks ja t\u00f5husamaks. See kompaktne pressit\u00f6\u00f6riist on varustatud Bluetooth\u00ae-funktsiooniga, t\u00e4nu millele saate rakenduse NovoCheck abil saada spetsiaalset teavet seadme t\u00f6\u00f6 kohta. ACO103 on [&hellip;]<\/p>","protected":false},"featured_media":2742,"template":"","meta":[],"product_brand":[],"product_cat":[251],"product_tag":[262],"class_list":{"0":"post-2743","1":"product","2":"type-product","3":"status-publish","4":"has-post-thumbnail","6":"product_cat-torupress","7":"product_tag-novopress-aco103","8":"ts_product_brand-novopress","10":"first","11":"instock","12":"taxable","13":"shipping-taxable","14":"purchasable","15":"product-type-simple"},"_links":{"self":[{"href":"https:\/\/edsi.ee\/en\/wp-json\/wp\/v2\/product\/2743","targetHints":{"allow":["GET"]}}],"collection":[{"href":"https:\/\/edsi.ee\/en\/wp-json\/wp\/v2\/product"}],"about":[{"href":"https:\/\/edsi.ee\/en\/wp-json\/wp\/v2\/types\/product"}],"wp:featuredmedia":[{"embeddable":true,"href":"https:\/\/edsi.ee\/en\/wp-json\/wp\/v2\/media\/2742"}],"wp:attachment":[{"href":"https:\/\/edsi.ee\/en\/wp-json\/wp\/v2\/media?parent=2743"}],"wp:term":[{"taxonomy":"product_brand","embeddable":true,"href":"https:\/\/edsi.ee\/en\/wp-json\/wp\/v2\/product_brand?post=2743"},{"taxonomy":"product_cat","embeddable":true,"href":"https:\/\/edsi.ee\/en\/wp-json\/wp\/v2\/product_cat?post=2743"},{"taxonomy":"product_tag","embeddable":true,"href":"https:\/\/edsi.ee\/en\/wp-json\/wp\/v2\/product_tag?post=2743"}],"curies":[{"name":"wp","href":"https:\/\/api.w.org\/{rel}","templated":true}]}}