{"id":2741,"date":"2020-04-13T16:02:51","date_gmt":"2020-04-13T16:02:51","guid":{"rendered":"https:\/\/edsi.ee\/product\/novopress-aco103-torupress-ilma-kohvri-akku-ja-laadijata\/"},"modified":"2025-02-11T15:40:40","modified_gmt":"2025-02-11T15:40:40","slug":"novopress-aco103-torupress-ilma-kohvri-akku-ja-laadijata","status":"publish","type":"product","link":"https:\/\/edsi.ee\/en\/product\/novopress-aco103-torupress-ilma-kohvri-akku-ja-laadijata\/","title":{"rendered":"Novopress ACO103 torupress (ilma kohvri, akku ja laadijata)"},"content":{"rendered":"<p>Uus pressit\u00f6\u00f6riist ACO103, mis on m\u00f5eldud t\u00f6\u00f6ks kuni 35 mm nimil\u00e4bim\u00f5\u00f5duga metalltorude ja kuni 40 mm l\u00e4bim\u00f5\u00f5duga plasttorudega, on kuulsa ACO102 j\u00e4rgija ning sellel on mitmeid lisaeeliseid, mis muudavad t\u00f6\u00f6riistaga t\u00f6\u00f6tamise veelgi lihtsamaks ja t\u00f5husamaks.<\/p>\n<p>See kompaktne pressit\u00f6\u00f6riist on varustatud Bluetooth\u00ae-funktsiooniga, t\u00e4nu millele saate rakenduse NovoCheck abil saada spetsiaalset teavet seadme t\u00f6\u00f6 kohta. ACO103 on v\u00f5imeline valgustama ka t\u00f6\u00f6ala ja on varustatud elektroonilise lukustuspoldiga. L\u00e4bipaistva k\u00e4ivitusnupu all asuv praktiline LED-indikaator n\u00e4itab teavet aku laetuse, seadme oleku ja tuvastatud vigade kohta.<\/p>\n<p>T\u00f6\u00f6riista kompaktsuse t\u00f5ttu saab seda \u00fche k\u00e4ega juhtida, mis v\u00f5imaldab t\u00f6\u00f6tada ka raskesti ligip\u00e4\u00e4setavates kohtades.<\/p>\n<h4>EELISED<\/h4>\n<ul>\n<li>V\u00f5imsad Li-Ion akud<\/li>\n<li>Kohtvalgusti<\/li>\n<li>Automaatne pressimisprotsess<\/li>\n<li>\u00dche k\u00e4ega operatsioon<\/li>\n<li>Olekutuli<\/li>\n<li>Elektrooniline poltilukk<\/li>\n<li>T\u00f6\u00f6riista olekut saate kontrollida rakendusega NovoCheck<\/li>\n<\/ul>\n<p>&nbsp;<\/p>","protected":false},"excerpt":{"rendered":"<p>Uus pressit\u00f6\u00f6riist ACO103, mis on m\u00f5eldud t\u00f6\u00f6ks kuni 35 mm nimil\u00e4bim\u00f5\u00f5duga metalltorude ja kuni 40 mm l\u00e4bim\u00f5\u00f5duga plasttorudega, on kuulsa ACO102 j\u00e4rgija ning sellel on mitmeid lisaeeliseid, mis muudavad t\u00f6\u00f6riistaga t\u00f6\u00f6tamise veelgi lihtsamaks ja t\u00f5husamaks.<\/p>","protected":false},"featured_media":2740,"template":"","meta":[],"product_brand":[],"product_cat":[251],"product_tag":[262],"class_list":{"0":"post-2741","1":"product","2":"type-product","3":"status-publish","4":"has-post-thumbnail","6":"product_cat-torupress","7":"product_tag-novopress-aco103","8":"ts_product_brand-novopress","10":"first","11":"instock","12":"taxable","13":"shipping-taxable","14":"purchasable","15":"product-type-simple"},"_links":{"self":[{"href":"https:\/\/edsi.ee\/en\/wp-json\/wp\/v2\/product\/2741","targetHints":{"allow":["GET"]}}],"collection":[{"href":"https:\/\/edsi.ee\/en\/wp-json\/wp\/v2\/product"}],"about":[{"href":"https:\/\/edsi.ee\/en\/wp-json\/wp\/v2\/types\/product"}],"wp:featuredmedia":[{"embeddable":true,"href":"https:\/\/edsi.ee\/en\/wp-json\/wp\/v2\/media\/2740"}],"wp:attachment":[{"href":"https:\/\/edsi.ee\/en\/wp-json\/wp\/v2\/media?parent=2741"}],"wp:term":[{"taxonomy":"product_brand","embeddable":true,"href":"https:\/\/edsi.ee\/en\/wp-json\/wp\/v2\/product_brand?post=2741"},{"taxonomy":"product_cat","embeddable":true,"href":"https:\/\/edsi.ee\/en\/wp-json\/wp\/v2\/product_cat?post=2741"},{"taxonomy":"product_tag","embeddable":true,"href":"https:\/\/edsi.ee\/en\/wp-json\/wp\/v2\/product_tag?post=2741"}],"curies":[{"name":"wp","href":"https:\/\/api.w.org\/{rel}","templated":true}]}}